{"id":1565,"date":"2022-08-22T12:48:03","date_gmt":"2022-08-22T12:48:03","guid":{"rendered":"https:\/\/kreis-wallduern.de\/?page_id=1565"},"modified":"2024-10-24T13:58:47","modified_gmt":"2024-10-24T13:58:47","slug":"impressum","status":"publish","type":"page","link":"https:\/\/kreis-wallduern.de\/index.php\/impressum\/","title":{"rendered":"Impressum"},"content":{"rendered":"\t\t<div data-elementor-type=\"wp-page\" data-elementor-id=\"1565\" class=\"elementor elementor-1565\" data-elementor-post-type=\"page\">\n\t\t\t\t\t\t<section class=\"elementor-section elementor-top-section elementor-element elementor-element-b1ee40f elementor-section-boxed elementor-section-height-default elementor-section-height-default\" data-id=\"b1ee40f\" data-element_type=\"section\" data-e-type=\"section\">\n\t\t\t\t\t\t<div class=\"elementor-container elementor-column-gap-default\">\n\t\t\t\t\t<div class=\"elementor-column elementor-col-100 elementor-top-column elementor-element elementor-element-134ba90\" data-id=\"134ba90\" data-element_type=\"column\" data-e-type=\"column\">\n\t\t\t<div class=\"elementor-widget-wrap elementor-element-populated\">\n\t\t\t\t\t\t<div class=\"elementor-element elementor-element-72f155d elementor-widget elementor-widget-text-editor\" data-id=\"72f155d\" data-element_type=\"widget\" data-e-type=\"widget\" data-widget_type=\"text-editor.default\">\n\t\t\t\t<div class=\"elementor-widget-container\">\n\t\t\t\t\t\t\t\t\t<h1>Impressum<\/h1><p>Josef Kreis Landmaschinen &#8211; B\u00e4derbauer<br \/>Am Kuchenbrunnen 3<br \/>74731 Walld\u00fcrn<\/p><p><strong>Vertreten durch:<\/strong><br \/>Josef Kreis<\/p><h2>Kontakt<\/h2><p>Telefon: 06282 8268<br \/>Telefax: 06282 320<br \/>E-Mail: info@kreis-wallduern.de<\/p><h2>Umsatzsteuer-ID<\/h2><p>Umsatzsteuer-Identifikationsnummer gem\u00e4\u00df \u00a7 27 a Umsatzsteuergesetz:<br \/>DE 191758619<\/p><h2>Redaktionell verantwortlich<\/h2><p>Josef Kreis<\/p><h2>EU-Streitschlichtung<\/h2><p>Die Europ\u00e4ische Kommission stellt eine Plattform zur Online-Streitbeilegung (OS) bereit: <a href=\"https:\/\/ec.europa.eu\/consumers\/odr\/\" target=\"_blank\" rel=\"noopener noreferrer\">https:\/\/ec.europa.eu\/consumers\/odr\/<\/a>.<br \/>Unsere E-Mail-Adresse finden Sie oben im Impressum.<\/p><h2>Verbraucher\u00adstreit\u00adbeilegung\/Universal\u00adschlichtungs\u00adstelle<\/h2><p>Wir nehmen an einem Streitbeilegungsverfahren vor einer Verbraucherschlichtungsstelle teil. Zust\u00e4ndig ist die Universalschlichtungsstelle des Zentrums f\u00fcr Schlichtung e.V., Stra\u00dfburger Stra\u00dfe 8, 77694 Kehl am Rhein (<a href=\"https:\/\/www.verbraucher-schlichter.de\" target=\"_blank\" rel=\"noopener noreferrer\">https:\/\/www.verbraucher-schlichter.de<\/a>).<\/p><p>Quelle: <a href=\"https:\/\/www.e-recht24.de\" target=\"_blank\" rel=\"noopener\">e-recht24.de<\/a><\/p><h2>Konzept und Gestaltung der Webseite:<\/h2><p>News Creativ News Verlag GmbH &amp; Co. KG<br \/>Br\u00fcckenstra\u00dfe 11<br \/>63897 Miltenberg<br \/>Telefon 09371 955 0<br \/><a href=\"https:\/\/news-creativ.de\/\" target=\"_blank\" rel=\"noopener\">www.news-creativ.de<\/a><\/p>\t\t\t\t\t\t\t\t<\/div>\n\t\t\t\t<\/div>\n\t\t\t\t\t<\/div>\n\t\t<\/div>\n\t\t\t\t\t<\/div>\n\t\t<\/section>\n\t\t\t\t<\/div>\n\t\t","protected":false},"excerpt":{"rendered":"<p>Impressum Josef Kreis Landmaschinen &#8211; B\u00e4derbauerAm Kuchenbrunnen 374731 Walld\u00fcrn Vertreten durch:Josef Kreis Kontakt Telefon: 06282 8268Telefax: 06282 320E-Mail: info@kreis-wallduern.de Umsatzsteuer-ID Umsatzsteuer-Identifikationsnummer gem\u00e4\u00df \u00a7 27 a Umsatzsteuergesetz:DE 191758619 Redaktionell verantwortlich Josef Kreis EU-Streitschlichtung Die Europ\u00e4ische Kommission stellt eine Plattform zur Online-Streitbeilegung (OS) bereit: https:\/\/ec.europa.eu\/consumers\/odr\/.Unsere E-Mail-Adresse finden Sie oben im Impressum. Verbraucher\u00adstreit\u00adbeilegung\/Universal\u00adschlichtungs\u00adstelle Wir nehmen an einem Streitbeilegungsverfahren [&hellip;]<\/p>\n","protected":false},"author":1,"featured_media":0,"parent":0,"menu_order":0,"comment_status":"closed","ping_status":"closed","template":"","meta":{"site-sidebar-layout":"no-sidebar","site-content-layout":"page-builder","ast-site-content-layout":"default","site-content-style":"default","site-sidebar-style":"default","ast-global-header-display":"","ast-banner-title-visibility":"","ast-main-header-display":"","ast-hfb-above-header-display":"","ast-hfb-below-header-display":"","ast-hfb-mobile-header-display":"","site-post-title":"disabled","ast-breadcrumbs-content":"","ast-featured-img":"disabled","footer-sml-layout":"","ast-disable-related-posts":"","theme-transparent-header-meta":"","adv-header-id-meta":"","stick-header-meta":"","header-above-stick-meta":"","header-main-stick-meta":"","header-below-stick-meta":"","astra-migrate-meta-layouts":"default","ast-page-background-enabled":"default","ast-page-background-meta":{"desktop":{"background-color":"var(--ast-global-color-4)","background-image":"","background-repeat":"repeat","background-position":"center center","background-size":"auto","background-attachment":"scroll","background-type":"","background-media":"","overlay-type":"","overlay-color":"","overlay-opacity":"","overlay-gradient":""},"tablet":{"background-color":"","background-image":"","background-repeat":"repeat","background-position":"center center","background-size":"auto","background-attachment":"scroll","background-type":"","background-media":"","overlay-type":"","overlay-color":"","overlay-opacity":"","overlay-gradient":""},"mobile":{"background-color":"","background-image":"","background-repeat":"repeat","background-position":"center center","background-size":"auto","background-attachment":"scroll","background-type":"","background-media":"","overlay-type":"","overlay-color":"","overlay-opacity":"","overlay-gradient":""}},"ast-content-background-meta":{"desktop":{"background-color":"var(--ast-global-color-5)","background-image":"","background-repeat":"repeat","background-position":"center center","background-size":"auto","background-attachment":"scroll","background-type":"","background-media":"","overlay-type":"","overlay-color":"","overlay-opacity":"","overlay-gradient":""},"tablet":{"background-color":"var(--ast-global-color-5)","background-image":"","background-repeat":"repeat","background-position":"center center","background-size":"auto","background-attachment":"scroll","background-type":"","background-media":"","overlay-type":"","overlay-color":"","overlay-opacity":"","overlay-gradient":""},"mobile":{"background-color":"var(--ast-global-color-5)","background-image":"","background-repeat":"repeat","background-position":"center center","background-size":"auto","background-attachment":"scroll","background-type":"","background-media":"","overlay-type":"","overlay-color":"","overlay-opacity":"","overlay-gradient":""}},"footnotes":""},"class_list":["post-1565","page","type-page","status-publish","hentry"],"_links":{"self":[{"href":"https:\/\/kreis-wallduern.de\/index.php\/wp-json\/wp\/v2\/pages\/1565","targetHints":{"allow":["GET"]}}],"collection":[{"href":"https:\/\/kreis-wallduern.de\/index.php\/wp-json\/wp\/v2\/pages"}],"about":[{"href":"https:\/\/kreis-wallduern.de\/index.php\/wp-json\/wp\/v2\/types\/page"}],"author":[{"embeddable":true,"href":"https:\/\/kreis-wallduern.de\/index.php\/wp-json\/wp\/v2\/users\/1"}],"replies":[{"embeddable":true,"href":"https:\/\/kreis-wallduern.de\/index.php\/wp-json\/wp\/v2\/comments?post=1565"}],"version-history":[{"count":10,"href":"https:\/\/kreis-wallduern.de\/index.php\/wp-json\/wp\/v2\/pages\/1565\/revisions"}],"predecessor-version":[{"id":1785,"href":"https:\/\/kreis-wallduern.de\/index.php\/wp-json\/wp\/v2\/pages\/1565\/revisions\/1785"}],"wp:attachment":[{"href":"https:\/\/kreis-wallduern.de\/index.php\/wp-json\/wp\/v2\/media?parent=1565"}],"curies":[{"name":"wp","href":"https:\/\/api.w.org\/{rel}","templated":true}]}}